{"id":2237,"date":"2026-03-21T11:05:02","date_gmt":"2026-03-21T11:05:02","guid":{"rendered":"https:\/\/gemsflower.ch\/?post_type=product&#038;p=2237"},"modified":"2026-05-01T07:22:19","modified_gmt":"2026-05-01T07:22:19","slug":"grenat-rhodolite-0-88-ct","status":"publish","type":"product","link":"https:\/\/gemsflower.ch\/de\/produkt\/grenat-rhodolite-0-88-ct\/","title":{"rendered":"Grenat Rhodolite 0.88 ct"},"content":{"rendered":"<p data-start=\"0\" data-end=\"487\">Sa couleur caract\u00e9ristique, allant du rose framboise au rouge violac\u00e9 profond, est due \u00e0 la pr\u00e9sence de fer et de magn\u00e9sium dans sa structure cristalline. Cette combinaison conf\u00e8re au grenat rhodolite sa teinte riche et lumineuse, ainsi que des nuances subtiles qui peuvent varier selon l\u2019origine de la pierre et les conditions d\u2019\u00e9clairage. Le grenat rhodolite se distingue par sa belle transparence, son \u00e9clat vif et sa brillance remarquable, des qualit\u00e9s tr\u00e8s appr\u00e9ci\u00e9es en joaillerie.<\/p>\n<p data-start=\"489\" data-end=\"742\">Avec une duret\u00e9 d\u2019environ 7 \u00e0 7,5 sur l\u2019\u00e9chelle de Mohs, le grenat rhodolite poss\u00e8de une bonne r\u00e9sistance aux chocs et \u00e0 l\u2019usure, ce qui en fait une pierre bien adapt\u00e9e \u00e0 la cr\u00e9ation de bijoux tels que bagues, colliers, pendentifs et boucles d\u2019oreilles.<\/p>\n<p data-start=\"744\" data-end=\"1324\" data-is-last-node=\"\" data-is-only-node=\"\">Comme de nombreuses pierres naturelles, il peut pr\u00e9senter de fines inclusions internes, souvent discr\u00e8tes, qui t\u00e9moignent de son origine naturelle et de sa formation g\u00e9ologique. Par son apparence, le grenat rhodolite peut parfois \u00eatre confondu avec d\u2019autres pierres aux teintes similaires, comme le rubis, le spinelle ou certaines vari\u00e9t\u00e9s de tourmaline. Toutefois, ses propri\u00e9t\u00e9s gemmologiques sp\u00e9cifiques permettent de l\u2019identifier avec pr\u00e9cision. De plus, les grenats rhodolites sont g\u00e9n\u00e9ralement non trait\u00e9s, ce qui renforce leur authenticit\u00e9 et leur valeur en gemmologie.<\/p>","protected":false},"excerpt":{"rendered":"<p data-start=\"105\" data-end=\"450\">Pierre aux nuances riches de rose framboise \u00e0 rouge violac\u00e9, le grenat rhodolite se distingue par son \u00e9clat lumineux et sa transparence remarquable. Selon la lumi\u00e8re, il r\u00e9v\u00e8le de subtils reflets pourpr\u00e9s qui soulignent l\u2019intensit\u00e9 de sa couleur. Appr\u00e9ci\u00e9 pour sa beaut\u00e9 naturelle et son \u00e9l\u00e9gance, il apporte une touche de raffinement aux cr\u00e9ations joailli\u00e8res. Une pierre id\u00e9ale pour des bijoux \u00e9l\u00e9gants et intemporels.<\/p>\n<p data-start=\"105\" data-end=\"450\">R\u00e9f\u00e9rence: RP-0151<\/p>","protected":false},"featured_media":3034,"template":"","meta":{"_acf_changed":false,"_joinchat":[]},"product_brand":[],"product_cat":[23,47],"product_tag":[],"class_list":{"0":"post-2237","1":"product","2":"type-product","3":"status-publish","4":"has-post-thumbnail","6":"product_cat-grenat","7":"product_cat-grenat-rhodolite","9":"first","10":"instock","11":"sold-individually","12":"taxable","13":"shipping-taxable","14":"purchasable","15":"product-type-simple"},"acf":[],"jetpack_sharing_enabled":true,"_links":{"self":[{"href":"https:\/\/gemsflower.ch\/de\/wp-json\/wp\/v2\/product\/2237","targetHints":{"allow":["GET"]}}],"collection":[{"href":"https:\/\/gemsflower.ch\/de\/wp-json\/wp\/v2\/product"}],"about":[{"href":"https:\/\/gemsflower.ch\/de\/wp-json\/wp\/v2\/types\/product"}],"wp:featuredmedia":[{"embeddable":true,"href":"https:\/\/gemsflower.ch\/de\/wp-json\/wp\/v2\/media\/3034"}],"wp:attachment":[{"href":"https:\/\/gemsflower.ch\/de\/wp-json\/wp\/v2\/media?parent=2237"}],"wp:term":[{"taxonomy":"product_brand","embeddable":true,"href":"https:\/\/gemsflower.ch\/de\/wp-json\/wp\/v2\/product_brand?post=2237"},{"taxonomy":"product_cat","embeddable":true,"href":"https:\/\/gemsflower.ch\/de\/wp-json\/wp\/v2\/product_cat?post=2237"},{"taxonomy":"product_tag","embeddable":true,"href":"https:\/\/gemsflower.ch\/de\/wp-json\/wp\/v2\/product_tag?post=2237"}],"curies":[{"name":"wp","href":"https:\/\/api.w.org\/{rel}","templated":true}]}}