{"id":1191,"date":"2026-02-05T13:15:11","date_gmt":"2026-02-05T13:15:11","guid":{"rendered":"https:\/\/gemsflower.ch\/?post_type=product&#038;p=1191"},"modified":"2026-03-13T10:26:36","modified_gmt":"2026-03-13T10:26:36","slug":"tourmaline","status":"publish","type":"product","link":"https:\/\/gemsflower.ch\/de\/produkt\/tourmaline\/","title":{"rendered":"Tourmaline Rose 2.50 ct"},"content":{"rendered":"<p data-start=\"0\" data-end=\"469\">Sa couleur d\u00e9licate, allant du rose p\u00e2le au rose plus soutenu, est due \u00e0 la pr\u00e9sence de mangan\u00e8se dans sa structure cristalline. La tourmaline rose se distingue par sa belle transparence, sa brillance \u00e9lev\u00e9e et son \u00e9clat lumineux, des qualit\u00e9s tr\u00e8s recherch\u00e9es en joaillerie. Elle offre une bonne r\u00e9sistance aux chocs et \u00e0 l\u2019usure, ce qui en fait une pierre particuli\u00e8rement adapt\u00e9e \u00e0 la cr\u00e9ation de bijoux tels que bagues, colliers, pendentifs et boucles d\u2019oreilles.<\/p>\n<p data-start=\"471\" data-end=\"1054\" data-is-last-node=\"\" data-is-only-node=\"\">Elle peut pr\u00e9senter parfois de fines inclusions naturelles, caract\u00e9ristiques des tourmalines, qui t\u00e9moignent de son authenticit\u00e9 et de son origine naturelle. Par son apparence, la tourmaline rose peut parfois \u00eatre confondue avec d\u2019autres pierres roses, telles que le saphir rose, le spinelle ou certaines vari\u00e9t\u00e9s de grenat, en raison de sa palette chromatique douce. Toutefois, ses propri\u00e9t\u00e9s gemmologiques sp\u00e9cifiques permettent de l\u2019identifier avec pr\u00e9cision. De plus, ces pierres sont g\u00e9n\u00e9ralement non trait\u00e9es, ce qui renforce leur valeur gemmologique et leur authenticit\u00e9.<\/p>","protected":false},"excerpt":{"rendered":"<p>Pierre aux d\u00e9licates teintes de rose tendre \u00e0 rose soutenu, la tourmaline rose se distingue par sa luminosit\u00e9 et ses reflets subtils qui \u00e9voluent selon la lumi\u00e8re. Appr\u00e9ci\u00e9e pour son \u00e9clat naturel et sa douceur de couleur, elle r\u00e9v\u00e8le un charme \u00e0 la fois \u00e9l\u00e9gant et f\u00e9minin. Une pierre raffin\u00e9e, parfaite pour des cr\u00e9ations joailli\u00e8res \u00e9l\u00e9gantes et contemporaines.<\/p>\n<p data-start=\"105\" data-end=\"450\">R\u00e9f\u00e9rence:<\/p>\n<p data-start=\"105\" data-end=\"450\"><strong>Couleur:<\/strong><br \/>\n<strong>Forme: <\/strong><br \/>\n<strong>Poids:<\/strong><br \/>\n<strong>Dimensions:<\/strong><br \/>\n<strong>Facettage:<\/strong><br \/>\n<strong>Puret\u00e9:<\/strong><br \/>\n<strong>Origine:<\/strong><\/p>","protected":false},"featured_media":1192,"template":"","meta":{"_acf_changed":false,"_joinchat":[]},"product_brand":[],"product_cat":[33,56],"product_tag":[],"class_list":{"0":"post-1191","1":"product","2":"type-product","3":"status-publish","4":"has-post-thumbnail","6":"product_cat-tourmaline","7":"product_cat-tourmaline-rose","9":"first","10":"instock","11":"sold-individually","12":"taxable","13":"shipping-taxable","14":"purchasable","15":"product-type-simple"},"acf":[],"jetpack_sharing_enabled":true,"_links":{"self":[{"href":"https:\/\/gemsflower.ch\/de\/wp-json\/wp\/v2\/product\/1191","targetHints":{"allow":["GET"]}}],"collection":[{"href":"https:\/\/gemsflower.ch\/de\/wp-json\/wp\/v2\/product"}],"about":[{"href":"https:\/\/gemsflower.ch\/de\/wp-json\/wp\/v2\/types\/product"}],"wp:featuredmedia":[{"embeddable":true,"href":"https:\/\/gemsflower.ch\/de\/wp-json\/wp\/v2\/media\/1192"}],"wp:attachment":[{"href":"https:\/\/gemsflower.ch\/de\/wp-json\/wp\/v2\/media?parent=1191"}],"wp:term":[{"taxonomy":"product_brand","embeddable":true,"href":"https:\/\/gemsflower.ch\/de\/wp-json\/wp\/v2\/product_brand?post=1191"},{"taxonomy":"product_cat","embeddable":true,"href":"https:\/\/gemsflower.ch\/de\/wp-json\/wp\/v2\/product_cat?post=1191"},{"taxonomy":"product_tag","embeddable":true,"href":"https:\/\/gemsflower.ch\/de\/wp-json\/wp\/v2\/product_tag?post=1191"}],"curies":[{"name":"wp","href":"https:\/\/api.w.org\/{rel}","templated":true}]}}