{"id":346,"date":"2025-05-10T20:55:47","date_gmt":"2025-05-10T20:55:47","guid":{"rendered":"https:\/\/gemsflower.ch\/?page_id=346"},"modified":"2025-07-04T09:59:59","modified_gmt":"2025-07-04T09:59:59","slug":"mentions-legales","status":"publish","type":"page","link":"https:\/\/gemsflower.ch\/de\/mentions-legales\/","title":{"rendered":"Rechtliche Hinweise"},"content":{"rendered":"<div data-elementor-type=\"wp-page\" data-elementor-id=\"346\" class=\"elementor elementor-346\" data-elementor-post-type=\"page\">\n\t\t\t\t<div class=\"elementor-element elementor-element-2531f44 e-flex e-con-boxed e-con e-parent\" data-id=\"2531f44\" data-element_type=\"container\" data-e-type=\"container\" data-settings=\"{&quot;background_background&quot;:&quot;classic&quot;}\">\n\t\t\t\t\t<div class=\"e-con-inner\">\n\t\t\t\t<div class=\"elementor-element elementor-element-0621931 elementor-align-center elementor-widget elementor-widget-breadcrumbs\" data-id=\"0621931\" data-element_type=\"widget\" data-e-type=\"widget\" data-widget_type=\"breadcrumbs.default\">\n\t\t\t\t<div class=\"elementor-widget-container\">\n\t\t\t\t\t<div><span class=\"last\">Startseite<\/span><\/div>\t\t\t\t<\/div>\n\t\t\t\t<\/div>\n\t\t\t\t<div class=\"elementor-element elementor-element-40543ac elementor-widget__width-initial elementor-widget elementor-widget-heading\" data-id=\"40543ac\" data-element_type=\"widget\" data-e-type=\"widget\" data-widget_type=\"heading.default\">\n\t\t\t\t<div class=\"elementor-widget-container\">\n\t\t\t\t\t<h1 class=\"elementor-heading-title elementor-size-default\">Rechtliche Hinweise<\/h1>\t\t\t\t<\/div>\n\t\t\t\t<\/div>\n\t\t\t\t\t<\/div>\n\t\t\t\t<\/div>\n\t\t<div class=\"elementor-element elementor-element-734f01c e-flex e-con-boxed e-con e-parent\" data-id=\"734f01c\" data-element_type=\"container\" data-e-type=\"container\">\n\t\t\t\t\t<div class=\"e-con-inner\">\n\t\t\t\t<div class=\"elementor-element elementor-element-4704bbf elementor-widget elementor-widget-text-editor\" data-id=\"4704bbf\" data-element_type=\"widget\" data-e-type=\"widget\" data-widget_type=\"text-editor.default\">\n\t\t\t\t<div class=\"elementor-widget-container\">\n\t\t\t\t\t\t\t\t\t<h2 data-start=\"146\" data-end=\"379\"><strong data-start=\"146\" data-end=\"173\">1. Rechtliche Informationen<\/strong><\/h2>\n<p data-start=\"146\" data-end=\"379\">Gemsflower S\u00e0rl<br data-start=\"191\" data-end=\"194\">Rue de Carouge 28, 1205 Genf, Schweiz<br data-start=\"232\" data-end=\"235\">IDE : CHE-423.840.088<br data-start=\"256\" data-end=\"259\">Gesetzlicher Vertreter: Herr Isma\u00efl HAMED, Frau Romdoul HAMED<br data-start=\"314\" data-end=\"317\">E-Mail: <a class=\"cursor-pointer\" rel=\"noopener\" data-start=\"325\" data-end=\"346\">contact@gemsflower.ch<\/a><br data-start=\"346\" data-end=\"349\">Telefon: +41 78 750 70 70<\/p>\n<h2 data-start=\"381\" data-end=\"765\"><strong data-start=\"381\" data-end=\"412\">2. Geistiges Eigentum<\/strong><\/h2>\n<p data-start=\"381\" data-end=\"765\">Alle Materialien auf der Website, einschlie\u00dflich, aber nicht beschr\u00e4nkt auf: das Logo, Bilder, Fotos, Texte, Grafiken, Videos, Designs, Software und andere Inhalte (im Folgenden \"Inhalte\"), sind durch geistige Eigentumsrechte, einschlie\u00dflich Urheberrechte, Markenrechte und andere Eigentumsrechte, gesch\u00fctzt.<\/p>\n<p data-start=\"767\" data-end=\"1171\">Die geistigen Eigentumsrechte an diesen Materialien geh\u00f6ren ausschlie\u00dflich der Gemsflower S\u00e0rl, sofern nicht anders angegeben. Jede nicht genehmigte Nutzung der Inhalte, einschlie\u00dflich, aber nicht beschr\u00e4nkt auf die Vervielf\u00e4ltigung, \u00c4nderung, Verteilung oder Verbreitung zu kommerziellen oder nichtkommerziellen Zwecken, ist ohne die vorherige schriftliche Zustimmung des Eigent\u00fcmers der Seite strengstens untersagt.<\/p>\n<p data-start=\"1173\" data-end=\"1458\">Alle Rechte sind vorbehalten. Kein Teil dieser Website, einschlie\u00dflich, aber nicht beschr\u00e4nkt auf das Logo, die Bilder, Texte, Videos und andere Elemente, darf ohne die vorherige schriftliche Genehmigung von Gemsflower S\u00e0rl reproduziert, ver\u00e4ndert, verteilt oder zu kommerziellen Zwecken verwendet werden.<\/p>\n<h2 data-start=\"1460\" data-end=\"1687\"><strong data-start=\"1460\" data-end=\"1514\">3. Erhebung und Verarbeitung personenbezogener Daten<\/strong><\/h2>\n<p data-start=\"1460\" data-end=\"1687\">Wir erheben und verarbeiten die personenbezogenen Daten der Nutzer nur in dem Ma\u00dfe, wie es f\u00fcr die in dieser Richtlinie beschriebenen Zwecke erforderlich ist.<\/p>\n<p data-start=\"1689\" data-end=\"1902\">Arten von gesammelten Daten :<br data-start=\"1718\" data-end=\"1721\">- Identifikatoren und Kontaktinformationen: Name, E-Mail-Adresse, IP-Adresse usw.<br data-start=\"1802\" data-end=\"1805\">- Nutzungsdaten: IP-Adresse, Browsertyp, Dauer des Besuchs, aufgerufene Seiten.<\/p>\n<p data-start=\"1904\" data-end=\"2120\">Zweck der Erhebung :<br data-start=\"1930\" data-end=\"1933\">- Bereitstellung und Verbesserung unserer Dienstleistungen.<br data-start=\"1969\" data-end=\"1972\">- Analyse und Optimierung der Nutzererfahrung auf der Website.<br data-start=\"2033\" data-end=\"2036\">- Einhaltung unserer gesetzlichen Verpflichtungen, insbesondere im Hinblick auf die Datensicherheit.<\/p>\n<p data-start=\"2122\" data-end=\"2375\">Rechtsgrundlage der Verarbeitung :<br data-start=\"2149\" data-end=\"2152\">- DSG (Schweizerisches Bundesgesetz \u00fcber den Datenschutz)<br data-start=\"2209\" data-end=\"2212\">- DSGVO (Europ\u00e4ische Verordnung), falls zutreffend :<br data-start=\"2256\" data-end=\"2259\">- Zustimmung (z. B. Cookies, Kontaktformular)<br data-start=\"2310\" data-end=\"2313\">- Berechtigtes Interesse (Sicherheit der Website, anonyme Statistiken)<\/p>\n<p data-start=\"2377\" data-end=\"2540\">Die erhobenen personenbezogenen Daten werden ohne Ihre vorherige Zustimmung nicht an Dritte weitergegeben, au\u00dfer in F\u00e4llen, in denen wir gesetzlich dazu verpflichtet sind.<\/p>\n<h2 data-start=\"2542\" data-end=\"2890\"><strong data-start=\"2542\" data-end=\"2572\">4. Verwendung von Cookies<\/strong><\/h2>\n<p data-start=\"2542\" data-end=\"2890\">Die Website verwendet funktionale Cookies, um Ihr Surferlebnis zu verbessern. Diese Cookies k\u00f6nnen verwendet werden, um sich Ihre Pr\u00e4ferenzen zu merken oder Analysedaten zu sammeln. Sie k\u00f6nnen Ihren Browser so einstellen, dass er Cookies ablehnt, dies kann jedoch einige Funktionen der Website beeintr\u00e4chtigen.<\/p>\n<h2 data-start=\"2892\" data-end=\"2966\"><strong data-start=\"2892\" data-end=\"2913\">5. Dienstleistungen Dritter<\/strong><\/h2>\n<p data-start=\"2892\" data-end=\"2966\">Wir k\u00f6nnen die folgenden Dienste in Anspruch nehmen:<\/p>\n<ul data-start=\"2967\" data-end=\"3110\">\n<li data-start=\"2967\" data-end=\"3007\">\n<p data-start=\"2969\" data-end=\"3007\">Google Analytics (Verkehrsanalyse)<\/p>\n<\/li>\n<li data-start=\"3008\" data-end=\"3056\">\n<p data-start=\"3010\" data-end=\"3056\">Kontaktformulare via <a class=\"\" href=\"https:\/\/gemsflower.ch\/de\/\" target=\"_new\" rel=\"noopener\" data-start=\"3037\" data-end=\"3054\">www.gemsflower.ch<\/a><\/p>\n<\/li>\n<li data-start=\"3057\" data-end=\"3110\">\n<p data-start=\"3059\" data-end=\"3110\">Soziale Netzwerke \u00fcber Share-Buttons oder Plugins<\/p>\n<\/li>\n<\/ul>\n<h2 data-start=\"3112\" data-end=\"3202\"><strong data-start=\"3112\" data-end=\"3155\">6. Dauer der Datenaufbewahrung<\/strong><\/h2>\n<p data-start=\"3112\" data-end=\"3202\">Pers\u00f6nliche Daten werden aufbewahrt :<\/p>\n<ul data-start=\"3203\" data-end=\"3353\">\n<li data-start=\"3203\" data-end=\"3266\">\n<p data-start=\"3205\" data-end=\"3266\">So lange, wie es f\u00fcr die beschriebenen Zwecke erforderlich ist.<\/p>\n<\/li>\n<li data-start=\"3267\" data-end=\"3353\">\n<p data-start=\"3269\" data-end=\"3353\">Oder gem\u00e4\u00df den gesetzlichen Aufbewahrungspflichten (z. B. Steuerdaten, Sicherheit).<\/p>\n<\/li>\n<\/ul>\n<h2 data-start=\"3355\" data-end=\"3662\"><strong data-start=\"3355\" data-end=\"3381\">7. Sicherheitsma\u00dfnahmen<\/strong><\/h2>\n<p data-start=\"3355\" data-end=\"3662\">Wir ergreifen angemessene technische und organisatorische Ma\u00dfnahmen, um Ihre personenbezogenen Daten vor unbefugtem Zugriff, Offenlegung, \u00c4nderung oder Vernichtung zu sch\u00fctzen. Dazu geh\u00f6rt auch die Verwendung von sicheren Protokollen (SSL\/TLS) f\u00fcr sensible Transaktionen.<\/p>\n<h2 data-start=\"3664\" data-end=\"4424\"><strong data-start=\"3664\" data-end=\"3694\">8. Rechte der Nutzerinnen und Nutzer<\/strong><\/h2>\n<p data-start=\"3664\" data-end=\"4424\">Gem\u00e4\u00df dem DSG haben Sie folgende Rechte in Bezug auf Ihre personenbezogenen Daten:<br data-start=\"3791\" data-end=\"3794\">- Auskunftsrecht: Sie haben das Recht, Auskunft \u00fcber die personenbezogenen Daten zu verlangen, die wir \u00fcber Sie gespeichert haben.<br data-start=\"3923\" data-end=\"3926\">- Recht auf Berichtigung: Sie k\u00f6nnen die Berichtigung Ihrer personenbezogenen Daten verlangen, wenn diese unrichtig oder unvollst\u00e4ndig sind.<br data-start=\"4055\" data-end=\"4058\">- Recht auf L\u00f6schung: Sie k\u00f6nnen in bestimmten Situationen die L\u00f6schung Ihrer personenbezogenen Daten verlangen.<br data-start=\"4171\" data-end=\"4174\">- Recht auf \u00dcbertragbarkeit: Sie haben das Recht, Ihre personenbezogenen Daten in einem strukturierten, maschinenlesbaren Format zu erhalten.<br data-start=\"4305\" data-end=\"4308\">- Widerspruchsrecht: Sie haben das Recht, jederzeit gegen die Verarbeitung Ihrer personenbezogenen Daten Widerspruch einzulegen.<\/p>\n<p data-start=\"4426\" data-end=\"4511\">Um diese Rechte auszu\u00fcben, kontaktieren Sie uns bitte per E-Mail an <a class=\"cursor-pointer\" rel=\"noopener\" data-start=\"4487\" data-end=\"4508\">contact@gemsflower.ch<\/a>.<\/p>\n<h2 data-start=\"4513\" data-end=\"4706\"><strong data-start=\"4513\" data-end=\"4540\">9. \u00dcbertragung von Daten<\/strong><\/h2>\n<p data-start=\"4513\" data-end=\"4706\">Personenbezogene Daten werden nicht au\u00dferhalb der Schweiz oder der EU \u00fcbermittelt, es sei denn, es handelt sich um eine Ausnahme, die den gesetzlichen Anforderungen und angemessenen Garantien entspricht.<\/p>\n<h2 data-start=\"4708\" data-end=\"5069\"><strong data-start=\"4708\" data-end=\"4764\">10. \u00c4nderungen der Datenschutzrichtlinie<\/strong><\/h2>\n<p data-start=\"4708\" data-end=\"5069\">Diese Datenschutzrichtlinie wird jedes Jahr \u00fcberpr\u00fcft und aktualisiert. Im Falle einer Gesetzes\u00e4nderung oder einer wesentlichen \u00c4nderung unserer Praktiken kann die Richtlinie h\u00e4ufiger aktualisiert werden. Alle \u00c4nderungen werden auf dieser Seite mit dem aktualisierten Datum der \u00dcberarbeitung ver\u00f6ffentlicht.<\/p>\n<p data-start=\"5071\" data-end=\"5117\">Datum der letzten Aktualisierung: 1. Mai 2025.<\/p>\n<h2 data-start=\"5119\" data-end=\"5298\"><strong data-start=\"5119\" data-end=\"5156\">11. Zustimmung der Nutzerinnen und Nutzer<\/strong><\/h2>\n<p data-start=\"5119\" data-end=\"5298\">Durch die Nutzung dieser Website stimmen Sie der Erfassung und Verarbeitung Ihrer personenbezogenen Daten, wie in dieser Richtlinie beschrieben, zu.<\/p>\t\t\t\t\t\t\t\t<\/div>\n\t\t\t\t<\/div>\n\t\t\t\t\t<\/div>\n\t\t\t\t<\/div>\n\t\t\t\t<\/div>","protected":false},"excerpt":{"rendered":"<p>Accueil Mentions l\u00e9gales 1. Informations L\u00e9gales Gemsflower S\u00e0rlRue de Carouge 28, 1205 Gen\u00e8ve, SuisseIDE : CHE-423.840.088Repr\u00e9sentant l\u00e9gal : Mr Isma\u00efl HAMED, Mme Romdoul HAMEDEmail : contact@gemsflower.chT\u00e9l\u00e9phone : +41 78 750 70 70 2. Propri\u00e9t\u00e9 Intellectuelle Tous les \u00e9l\u00e9ments pr\u00e9sents sur le Site, y compris mais sans s&rsquo;y limiter : le logo, les images, les photos, [&hellip;]<\/p>\n","protected":false},"author":1,"featured_media":0,"parent":0,"menu_order":0,"comment_status":"closed","ping_status":"closed","template":"","meta":{"_acf_changed":false,"_joinchat":[],"footnotes":""},"class_list":["post-346","page","type-page","status-publish","hentry"],"acf":[],"jetpack_sharing_enabled":true,"_links":{"self":[{"href":"https:\/\/gemsflower.ch\/de\/wp-json\/wp\/v2\/pages\/346","targetHints":{"allow":["GET"]}}],"collection":[{"href":"https:\/\/gemsflower.ch\/de\/wp-json\/wp\/v2\/pages"}],"about":[{"href":"https:\/\/gemsflower.ch\/de\/wp-json\/wp\/v2\/types\/page"}],"author":[{"embeddable":true,"href":"https:\/\/gemsflower.ch\/de\/wp-json\/wp\/v2\/users\/1"}],"replies":[{"embeddable":true,"href":"https:\/\/gemsflower.ch\/de\/wp-json\/wp\/v2\/comments?post=346"}],"version-history":[{"count":10,"href":"https:\/\/gemsflower.ch\/de\/wp-json\/wp\/v2\/pages\/346\/revisions"}],"predecessor-version":[{"id":976,"href":"https:\/\/gemsflower.ch\/de\/wp-json\/wp\/v2\/pages\/346\/revisions\/976"}],"wp:attachment":[{"href":"https:\/\/gemsflower.ch\/de\/wp-json\/wp\/v2\/media?parent=346"}],"curies":[{"name":"wp","href":"https:\/\/api.w.org\/{rel}","templated":true}]}}