{"id":226,"date":"2025-05-10T15:55:53","date_gmt":"2025-05-10T15:55:53","guid":{"rendered":"https:\/\/gemsflower.ch\/?page_id=226"},"modified":"2026-03-09T07:17:17","modified_gmt":"2026-03-09T07:17:17","slug":"a-propos","status":"publish","type":"page","link":"https:\/\/gemsflower.ch\/de\/a-propos\/","title":{"rendered":"\u00dcber uns"},"content":{"rendered":"<div data-elementor-type=\"wp-page\" data-elementor-id=\"226\" class=\"elementor elementor-226\" data-elementor-post-type=\"page\">\n\t\t\t\t<div class=\"elementor-element elementor-element-305fcc2 e-flex e-con-boxed e-con e-parent\" data-id=\"305fcc2\" data-element_type=\"container\" data-e-type=\"container\" data-settings=\"{&quot;background_background&quot;:&quot;classic&quot;}\">\n\t\t\t\t\t<div class=\"e-con-inner\">\n\t\t\t\t<div class=\"elementor-element elementor-element-58811e9 elementor-align-center elementor-widget elementor-widget-breadcrumbs\" data-id=\"58811e9\" data-element_type=\"widget\" data-e-type=\"widget\" data-widget_type=\"breadcrumbs.default\">\n\t\t\t\t<div class=\"elementor-widget-container\">\n\t\t\t\t\t<div><span class=\"last\">Startseite<\/span><\/div>\t\t\t\t<\/div>\n\t\t\t\t<\/div>\n\t\t\t\t\t<\/div>\n\t\t\t\t<\/div>\n\t\t<div class=\"elementor-element elementor-element-fb2b2c0 e-flex e-con-boxed e-con e-parent\" data-id=\"fb2b2c0\" data-element_type=\"container\" data-e-type=\"container\">\n\t\t\t\t\t<div class=\"e-con-inner\">\n\t\t<div class=\"elementor-element elementor-element-fefb414 e-con-full e-flex e-con e-child\" data-id=\"fefb414\" data-element_type=\"container\" data-e-type=\"container\">\n\t\t\t\t<div class=\"elementor-element elementor-element-4708a28 elementor-widget elementor-widget-heading\" data-id=\"4708a28\" data-element_type=\"widget\" data-e-type=\"widget\" data-widget_type=\"heading.default\">\n\t\t\t\t<div class=\"elementor-widget-container\">\n\t\t\t\t\t<h2 class=\"elementor-heading-title elementor-size-default\">Eine Leidenschaft wird zum Unternehmen<\/h2>\t\t\t\t<\/div>\n\t\t\t\t<\/div>\n\t\t\t\t<div class=\"elementor-element elementor-element-7fd5798 elementor-widget-divider--view-line elementor-widget elementor-widget-divider\" data-id=\"7fd5798\" data-element_type=\"widget\" data-e-type=\"widget\" data-widget_type=\"divider.default\">\n\t\t\t\t<div class=\"elementor-widget-container\">\n\t\t\t\t\t\t\t<div class=\"elementor-divider\">\n\t\t\t<span class=\"elementor-divider-separator\">\n\t\t\t\t\t\t<\/span>\n\t\t<\/div>\n\t\t\t\t\t\t<\/div>\n\t\t\t\t<\/div>\n\t\t\t\t<div class=\"elementor-element elementor-element-db9fbdc elementor-widget elementor-widget-text-editor\" data-id=\"db9fbdc\" data-element_type=\"widget\" data-e-type=\"widget\" data-widget_type=\"text-editor.default\">\n\t\t\t\t<div class=\"elementor-widget-container\">\n\t\t\t\t\t\t\t\t\t<p>Gemsflower entstand aus einer tiefen Leidenschaft f\u00fcr Edelsteine, die durch Reisen um die ganze Welt verfeinert wurde. Bei diesen Erkundungen wurden seltene Edelsteine entdeckt und das Verst\u00e4ndnis f\u00fcr dieses faszinierende Gebiet vertieft. Vor diesem Hintergrund entstand das Unternehmen in Genf, Schweiz, einem perfekten Ort, um Fachwissen und Innovation auf dem Gebiet der Gemmologie zu vereinen.<\/p>\t\t\t\t\t\t\t\t<\/div>\n\t\t\t\t<\/div>\n\t\t\t\t<\/div>\n\t\t\t\t\t<\/div>\n\t\t\t\t<\/div>\n\t\t<div class=\"elementor-element elementor-element-705e17b e-flex e-con-boxed e-con e-parent\" data-id=\"705e17b\" data-element_type=\"container\" data-e-type=\"container\" data-settings=\"{&quot;background_background&quot;:&quot;classic&quot;}\">\n\t\t\t\t\t<div class=\"e-con-inner\">\n\t\t<div class=\"elementor-element elementor-element-bd09597 e-con-full e-flex e-con e-child\" data-id=\"bd09597\" data-element_type=\"container\" data-e-type=\"container\">\n\t\t\t\t<div class=\"elementor-element elementor-element-ee29a04 elementor-widget elementor-widget-heading\" data-id=\"ee29a04\" data-element_type=\"widget\" data-e-type=\"widget\" data-widget_type=\"heading.default\">\n\t\t\t\t<div class=\"elementor-widget-container\">\n\t\t\t\t\t<h2 class=\"elementor-heading-title elementor-size-default\">Gemsflower, eine Geschichte von Leidenschaft und Begegnung<\/h2>\t\t\t\t<\/div>\n\t\t\t\t<\/div>\n\t\t\t\t<div class=\"elementor-element elementor-element-46730c2 elementor-widget-divider--view-line elementor-widget elementor-widget-divider\" data-id=\"46730c2\" data-element_type=\"widget\" data-e-type=\"widget\" data-widget_type=\"divider.default\">\n\t\t\t\t<div class=\"elementor-widget-container\">\n\t\t\t\t\t\t\t<div class=\"elementor-divider\">\n\t\t\t<span class=\"elementor-divider-separator\">\n\t\t\t\t\t\t<\/span>\n\t\t<\/div>\n\t\t\t\t\t\t<\/div>\n\t\t\t\t<\/div>\n\t\t\t\t<div class=\"elementor-element elementor-element-0dc7194 elementor-widget elementor-widget-text-editor\" data-id=\"0dc7194\" data-element_type=\"widget\" data-e-type=\"widget\" data-widget_type=\"text-editor.default\">\n\t\t\t\t<div class=\"elementor-widget-container\">\n\t\t\t\t\t\t\t\t\t<p>Der Name Gemsflower ist eine subtile Kontraktion zweier symbolischer Elemente: \"Gems\" f\u00fcr unsere Branche und \"Flower\", das sich auf den Vornamen der Gr\u00fcnderin, Romdoul, bezieht.<\/p><p>Diese Wahl erinnert sowohl an die Sch\u00f6nheit der Steine als auch an die Feinf\u00fchligkeit, mit der wir sie behandeln. Jeder Edelstein verdient, \u00e4hnlich wie eine seltene Blume, besondere Aufmerksamkeit und eine sorgf\u00e4ltige Analyse.<\/p>\t\t\t\t\t\t\t\t<\/div>\n\t\t\t\t<\/div>\n\t\t\t\t<\/div>\n\t\t<div class=\"elementor-element elementor-element-4fa0400 e-con-full e-flex e-con e-child\" data-id=\"4fa0400\" data-element_type=\"container\" data-e-type=\"container\">\n\t\t\t\t<div class=\"elementor-element elementor-element-ce08791 elementor-widget elementor-widget-image\" data-id=\"ce08791\" data-element_type=\"widget\" data-e-type=\"widget\" data-widget_type=\"image.default\">\n\t\t\t\t<div class=\"elementor-widget-container\">\n\t\t\t\t\t\t\t\t\t\t\t\t\t\t\t<img decoding=\"async\" width=\"126\" height=\"134\" src=\"https:\/\/gemsflower.ch\/wp-content\/uploads\/2025\/04\/Groupe-117.svg\" class=\"attachment-full size-full wp-image-62\" alt=\"\" \/>\t\t\t\t\t\t\t\t\t\t\t\t\t\t\t<\/div>\n\t\t\t\t<\/div>\n\t\t\t\t<\/div>\n\t\t\t\t\t<\/div>\n\t\t\t\t<\/div>\n\t\t<div class=\"elementor-element elementor-element-a27cf2d e-flex e-con-boxed e-con e-parent\" data-id=\"a27cf2d\" data-element_type=\"container\" data-e-type=\"container\">\n\t\t\t\t\t<div class=\"e-con-inner\">\n\t\t<div class=\"elementor-element elementor-element-f46dd6e e-con-full e-flex e-con e-child\" data-id=\"f46dd6e\" data-element_type=\"container\" data-e-type=\"container\">\n\t\t\t\t<div class=\"elementor-element elementor-element-cbd0533 elementor-widget elementor-widget-image\" data-id=\"cbd0533\" data-element_type=\"widget\" data-e-type=\"widget\" data-widget_type=\"image.default\">\n\t\t\t\t<div class=\"elementor-widget-container\">\n\t\t\t\t\t\t\t\t\t\t\t\t\t\t\t<img fetchpriority=\"high\" decoding=\"async\" width=\"804\" height=\"926\" src=\"https:\/\/gemsflower.ch\/wp-content\/uploads\/2025\/05\/407421266_677112367879006_537355512072909210_n2x.webp\" class=\"attachment-full size-full wp-image-128\" alt=\"\" srcset=\"https:\/\/gemsflower.ch\/wp-content\/uploads\/2025\/05\/407421266_677112367879006_537355512072909210_n2x.webp 804w, https:\/\/gemsflower.ch\/wp-content\/uploads\/2025\/05\/407421266_677112367879006_537355512072909210_n2x-600x691.webp 600w, https:\/\/gemsflower.ch\/wp-content\/uploads\/2025\/05\/407421266_677112367879006_537355512072909210_n2x-260x300.webp 260w, https:\/\/gemsflower.ch\/wp-content\/uploads\/2025\/05\/407421266_677112367879006_537355512072909210_n2x-768x885.webp 768w\" sizes=\"(max-width: 804px) 100vw, 804px\" \/>\t\t\t\t\t\t\t\t\t\t\t\t\t\t\t<\/div>\n\t\t\t\t<\/div>\n\t\t\t\t<\/div>\n\t\t<div class=\"elementor-element elementor-element-72f8801 e-con-full e-flex e-con e-child\" data-id=\"72f8801\" data-element_type=\"container\" data-e-type=\"container\">\n\t\t\t\t<div class=\"elementor-element elementor-element-804688a elementor-widget elementor-widget-heading\" data-id=\"804688a\" data-element_type=\"widget\" data-e-type=\"widget\" data-widget_type=\"heading.default\">\n\t\t\t\t<div class=\"elementor-widget-container\">\n\t\t\t\t\t<h2 class=\"elementor-heading-title elementor-size-default\">Romdoul<\/h2>\t\t\t\t<\/div>\n\t\t\t\t<\/div>\n\t\t\t\t<div class=\"elementor-element elementor-element-e2d5fa2 elementor-widget-divider--view-line elementor-widget elementor-widget-divider\" data-id=\"e2d5fa2\" data-element_type=\"widget\" data-e-type=\"widget\" data-widget_type=\"divider.default\">\n\t\t\t\t<div class=\"elementor-widget-container\">\n\t\t\t\t\t\t\t<div class=\"elementor-divider\">\n\t\t\t<span class=\"elementor-divider-separator\">\n\t\t\t\t\t\t<\/span>\n\t\t<\/div>\n\t\t\t\t\t\t<\/div>\n\t\t\t\t<\/div>\n\t\t\t\t<div class=\"elementor-element elementor-element-74d8cbd elementor-widget elementor-widget-text-editor\" data-id=\"74d8cbd\" data-element_type=\"widget\" data-e-type=\"widget\" data-widget_type=\"text-editor.default\">\n\t\t\t\t<div class=\"elementor-widget-container\">\n\t\t\t\t\t\t\t\t\t<p>Romdoul ist Co-Direktorin und diplomierte Gemmologin von Gem-A (The Gemmological Association of Great Britain), einer der renommiertesten Institutionen in diesem Bereich. Als aktives Mitglied der Gem-A Association (FGA) hat sie ihre Karriere dem Studium von Edelsteinen auf der ganzen Welt gewidmet.\u00a0<\/p><p>Sie ist nahe an den Lagerst\u00e4tten und hatte Zugang zum Herzen zahlreicher Minen in Tansania, Deutschland und Kambodscha. Da sie regelm\u00e4\u00dfig auf internationalen Messen vertreten ist, verf\u00fcgt sie \u00fcber eine genaue Kenntnis des Marktes und der Preisentwicklung. Dank ihres Netzwerks nimmt sie auch an zahlreichen gemmologischen Konferenzen in ganz Europa und Asien teil.<\/p>\t\t\t\t\t\t\t\t<\/div>\n\t\t\t\t<\/div>\n\t\t\t\t<\/div>\n\t\t\t\t\t<\/div>\n\t\t\t\t<\/div>\n\t\t<div class=\"elementor-element elementor-element-2e1d4e2 e-flex e-con-boxed e-con e-parent\" data-id=\"2e1d4e2\" data-element_type=\"container\" data-e-type=\"container\" data-settings=\"{&quot;background_background&quot;:&quot;classic&quot;}\">\n\t\t\t\t\t<div class=\"e-con-inner\">\n\t\t<div class=\"elementor-element elementor-element-bdc8301 e-con-full e-flex e-con e-child\" data-id=\"bdc8301\" data-element_type=\"container\" data-e-type=\"container\">\n\t\t\t\t<div class=\"elementor-element elementor-element-874da22 elementor-widget elementor-widget-heading\" data-id=\"874da22\" data-element_type=\"widget\" data-e-type=\"widget\" data-widget_type=\"heading.default\">\n\t\t\t\t<div class=\"elementor-widget-container\">\n\t\t\t\t\t<h2 class=\"elementor-heading-title elementor-size-default\">Unser Engagement, Exzellenz und Leidenschaft<\/h2>\t\t\t\t<\/div>\n\t\t\t\t<\/div>\n\t\t\t\t<div class=\"elementor-element elementor-element-3684a61 elementor-widget-divider--view-line elementor-widget elementor-widget-divider\" data-id=\"3684a61\" data-element_type=\"widget\" data-e-type=\"widget\" data-widget_type=\"divider.default\">\n\t\t\t\t<div class=\"elementor-widget-container\">\n\t\t\t\t\t\t\t<div class=\"elementor-divider\">\n\t\t\t<span class=\"elementor-divider-separator\">\n\t\t\t\t\t\t<\/span>\n\t\t<\/div>\n\t\t\t\t\t\t<\/div>\n\t\t\t\t<\/div>\n\t\t\t\t<div class=\"elementor-element elementor-element-f0b9428 elementor-widget__width-initial elementor-widget elementor-widget-text-editor\" data-id=\"f0b9428\" data-element_type=\"widget\" data-e-type=\"widget\" data-widget_type=\"text-editor.default\">\n\t\t\t\t<div class=\"elementor-widget-container\">\n\t\t\t\t\t\t\t\t\t<p>Wir sind der festen \u00dcberzeugung, dass jeder Edelstein einzigartig ist und eine Geschichte zu erz\u00e4hlen hat.\u00a0<\/p><p>Wir setzen alles daran, gr\u00fcndliche Analysen und pers\u00f6nliche Beratung zu bieten und garantieren f\u00fcr jeden Edelstein, den wir verarbeiten, einen erstklassigen Service.<\/p>\t\t\t\t\t\t\t\t<\/div>\n\t\t\t\t<\/div>\n\t\t\t\t<\/div>\n\t\t\t\t\t<\/div>\n\t\t\t\t<\/div>\n\t\t<div class=\"elementor-element elementor-element-295c67b e-flex e-con-boxed e-con e-parent\" data-id=\"295c67b\" data-element_type=\"container\" data-e-type=\"container\" data-settings=\"{&quot;background_background&quot;:&quot;classic&quot;}\">\n\t\t\t\t\t<div class=\"e-con-inner\">\n\t\t\t\t<div class=\"elementor-element elementor-element-c78646e elementor-widget__width-initial elementor-widget elementor-widget-heading\" data-id=\"c78646e\" data-element_type=\"widget\" data-e-type=\"widget\" data-widget_type=\"heading.default\">\n\t\t\t\t<div class=\"elementor-widget-container\">\n\t\t\t\t\t<h2 class=\"elementor-heading-title elementor-size-default\">M\u00f6chten Sie unsere Dienste in Anspruch nehmen?<\/h2>\t\t\t\t<\/div>\n\t\t\t\t<\/div>\n\t\t\t\t<div class=\"elementor-element elementor-element-61bde71 elementor-widget-divider--view-line elementor-widget elementor-widget-divider\" data-id=\"61bde71\" data-element_type=\"widget\" data-e-type=\"widget\" data-widget_type=\"divider.default\">\n\t\t\t\t<div class=\"elementor-widget-container\">\n\t\t\t\t\t\t\t<div class=\"elementor-divider\">\n\t\t\t<span class=\"elementor-divider-separator\">\n\t\t\t\t\t\t<\/span>\n\t\t<\/div>\n\t\t\t\t\t\t<\/div>\n\t\t\t\t<\/div>\n\t\t\t\t<div class=\"elementor-element elementor-element-9e5c047 elementor-widget__width-initial elementor-widget-mobile__width-initial elementor-widget elementor-widget-text-editor\" data-id=\"9e5c047\" data-element_type=\"widget\" data-e-type=\"widget\" data-widget_type=\"text-editor.default\">\n\t\t\t\t<div class=\"elementor-widget-container\">\n\t\t\t\t\t\t\t\t\t<p>Unser Team steht Ihnen zur Verf\u00fcgung, um auf Ihre Bed\u00fcrfnisse einzugehen\u00a0<\/p>\t\t\t\t\t\t\t\t<\/div>\n\t\t\t\t<\/div>\n\t\t\t\t<div class=\"elementor-element elementor-element-02ff35f elementor-align-left elementor-widget__width-initial elementor-widget elementor-widget-button\" data-id=\"02ff35f\" data-element_type=\"widget\" data-e-type=\"widget\" data-widget_type=\"button.default\">\n\t\t\t\t<div class=\"elementor-widget-container\">\n\t\t\t\t\t\t\t\t\t<div class=\"elementor-button-wrapper\">\n\t\t\t\t\t<a class=\"elementor-button elementor-button-link elementor-size-sm\" href=\"https:\/\/gemsflower.ch\/de\/contact\/\">\n\t\t\t\t\t\t<span class=\"elementor-button-content-wrapper\">\n\t\t\t\t\t\t\t\t\t<span class=\"elementor-button-text\">Kontaktieren Sie uns jetzt<\/span>\n\t\t\t\t\t<\/span>\n\t\t\t\t\t<\/a>\n\t\t\t\t<\/div>\n\t\t\t\t\t\t\t\t<\/div>\n\t\t\t\t<\/div>\n\t\t\t\t\t<\/div>\n\t\t\t\t<\/div>\n\t\t\t\t<\/div>","protected":false},"excerpt":{"rendered":"<p>Accueil Une passion qui devient une entreprise Gemsflower est n\u00e9e de la passion profonde pour les pierres pr\u00e9cieuses, une passion qui s\u2019est affin\u00e9e au fil de voyages \u00e0 travers le monde. Ces explorations ont permis de d\u00e9couvrir des gemmes rares et d\u2019approfondir la compr\u00e9hension de ce domaine fascinant. C\u2019est dans ce cadre que la soci\u00e9t\u00e9 [&hellip;]<\/p>\n","protected":false},"author":1,"featured_media":0,"parent":0,"menu_order":0,"comment_status":"closed","ping_status":"closed","template":"","meta":{"_acf_changed":false,"_joinchat":[],"footnotes":""},"class_list":["post-226","page","type-page","status-publish","hentry"],"acf":[],"jetpack_sharing_enabled":true,"_links":{"self":[{"href":"https:\/\/gemsflower.ch\/de\/wp-json\/wp\/v2\/pages\/226","targetHints":{"allow":["GET"]}}],"collection":[{"href":"https:\/\/gemsflower.ch\/de\/wp-json\/wp\/v2\/pages"}],"about":[{"href":"https:\/\/gemsflower.ch\/de\/wp-json\/wp\/v2\/types\/page"}],"author":[{"embeddable":true,"href":"https:\/\/gemsflower.ch\/de\/wp-json\/wp\/v2\/users\/1"}],"replies":[{"embeddable":true,"href":"https:\/\/gemsflower.ch\/de\/wp-json\/wp\/v2\/comments?post=226"}],"version-history":[{"count":58,"href":"https:\/\/gemsflower.ch\/de\/wp-json\/wp\/v2\/pages\/226\/revisions"}],"predecessor-version":[{"id":1713,"href":"https:\/\/gemsflower.ch\/de\/wp-json\/wp\/v2\/pages\/226\/revisions\/1713"}],"wp:attachment":[{"href":"https:\/\/gemsflower.ch\/de\/wp-json\/wp\/v2\/media?parent=226"}],"curies":[{"name":"wp","href":"https:\/\/api.w.org\/{rel}","templated":true}]}}